{"id":1469,"date":"2023-01-31T10:04:21","date_gmt":"2023-01-31T07:04:21","guid":{"rendered":"https:\/\/www.nou.yakayazilim.com.tr\/?post_type=product&#038;p=1469"},"modified":"2023-03-11T10:56:22","modified_gmt":"2023-03-11T07:56:22","slug":"ray-ban-rb4165-justin-865-t5-54-16-145-3p-polarize-gunes-gozlugu","status":"publish","type":"product","link":"https:\/\/www.nou.yakayazilim.com.tr\/index.php\/urun\/ray-ban-rb4165-justin-865-t5-54-16-145-3p-polarize-gunes-gozlugu\/","title":{"rendered":"Ray-Ban RB4165 JUSTIN 865\/T5 54\/16 145 3P Polarize G\u00fcne\u015f G\u00f6zl\u00fc\u011f\u00fc"},"content":{"rendered":"<p>\u00dcr\u00fcnlerimiz 2 Y\u0131l Garantilidir<\/p>\n<p>Orjinal K\u0131l\u0131f Silme Bezi Ve Garanti Belgesi \u0130le G\u00f6nderilecektir.<\/p>\n<p>Ekartman:54<\/p>\n<p>\u00c7er\u00e7eve Renk:Kahverengi<\/p>\n<p>Cam Materyali:Polarize<\/p>\n<p>\u00c7er\u00e7eve Formu:Dikd\u00f6rtgen<\/p>\n<p>\u00c7er\u00e7eve Materyali:Kemik<\/p>\n<p>Cam Renk:Kahverengi<\/p>\n","protected":false},"excerpt":{"rendered":"<p>\u00dcr\u00fcnlerimiz 2 Y\u0131l Garantilidir Orjinal K\u0131l\u0131f Silme Bezi Ve Garanti Belgesi \u0130le G\u00f6nderilecektir. Ekartman:54 \u00c7er\u00e7eve Renk:Kahverengi Cam Materyali:Polarize \u00c7er\u00e7eve Formu:Dikd\u00f6rtgen \u00c7er\u00e7eve Materyali:Kemik Cam Renk:Kahverengi<\/p>\n","protected":false},"featured_media":1470,"comment_status":"open","ping_status":"closed","template":"","meta":[],"product_cat":[22],"product_tag":[29,31,28,32],"yoast_head":"<!-- This site is optimized with the Yoast SEO plugin v20.4 - https:\/\/yoast.com\/wordpress\/plugins\/seo\/ -->\n<title>Ray-Ban RB4165 JUSTIN 865\/T5 54\/16 145 3P Polarize G\u00fcne\u015f G\u00f6zl\u00fc\u011f\u00fc - Numune Optik<\/title>\n<meta name=\"robots\" content=\"index, follow, max-snippet:-1, max-image-preview:large, max-video-preview:-1\" \/>\n<link rel=\"canonical\" href=\"https:\/\/www.nou.yakayazilim.com.tr\/index.php\/urun\/ray-ban-rb4165-justin-865-t5-54-16-145-3p-polarize-gunes-gozlugu\/\" \/>\n<meta property=\"og:locale\" content=\"tr_TR\" \/>\n<meta property=\"og:type\" content=\"article\" \/>\n<meta property=\"og:title\" content=\"Ray-Ban RB4165 JUSTIN 865\/T5 54\/16 145 3P Polarize G\u00fcne\u015f G\u00f6zl\u00fc\u011f\u00fc - Numune Optik\" \/>\n<meta property=\"og:description\" content=\"\u00dcr\u00fcnlerimiz 2 Y\u0131l Garantilidir Orjinal K\u0131l\u0131f Silme Bezi Ve Garanti Belgesi \u0130le G\u00f6nderilecektir. Ekartman:54 \u00c7er\u00e7eve Renk:Kahverengi Cam Materyali:Polarize \u00c7er\u00e7eve Formu:Dikd\u00f6rtgen \u00c7er\u00e7eve Materyali:Kemik Cam Renk:Kahverengi\" \/>\n<meta property=\"og:url\" content=\"https:\/\/www.nou.yakayazilim.com.tr\/index.php\/urun\/ray-ban-rb4165-justin-865-t5-54-16-145-3p-polarize-gunes-gozlugu\/\" \/>\n<meta property=\"og:site_name\" content=\"Numune Optik\" \/>\n<meta property=\"article:modified_time\" content=\"2023-03-11T07:56:22+00:00\" \/>\n<meta property=\"og:image\" content=\"https:\/\/www.nou.yakayazilim.com.tr\/wp-content\/uploads\/2023\/01\/IMG_7809.jpeg\" \/>\n\t<meta property=\"og:image:width\" content=\"722\" \/>\n\t<meta property=\"og:image:height\" content=\"1285\" \/>\n\t<meta property=\"og:image:type\" content=\"image\/jpeg\" \/>\n<meta name=\"twitter:card\" content=\"summary_large_image\" \/>\n<meta name=\"twitter:label1\" content=\"Tahmini okuma s\u00fcresi\" \/>\n\t<meta name=\"twitter:data1\" content=\"1 dakika\" \/>\n<script type=\"application\/ld+json\" class=\"yoast-schema-graph\">{\"@context\":\"https:\/\/schema.org\",\"@graph\":[{\"@type\":\"WebPage\",\"@id\":\"https:\/\/www.nou.yakayazilim.com.tr\/index.php\/urun\/ray-ban-rb4165-justin-865-t5-54-16-145-3p-polarize-gunes-gozlugu\/\",\"url\":\"https:\/\/www.nou.yakayazilim.com.tr\/index.php\/urun\/ray-ban-rb4165-justin-865-t5-54-16-145-3p-polarize-gunes-gozlugu\/\",\"name\":\"Ray-Ban RB4165 JUSTIN 865\/T5 54\/16 145 3P Polarize G\u00fcne\u015f G\u00f6zl\u00fc\u011f\u00fc - Numune Optik\",\"isPartOf\":{\"@id\":\"https:\/\/www.nou.yakayazilim.com.tr\/#website\"},\"datePublished\":\"2023-01-31T07:04:21+00:00\",\"dateModified\":\"2023-03-11T07:56:22+00:00\",\"breadcrumb\":{\"@id\":\"https:\/\/www.nou.yakayazilim.com.tr\/index.php\/urun\/ray-ban-rb4165-justin-865-t5-54-16-145-3p-polarize-gunes-gozlugu\/#breadcrumb\"},\"inLanguage\":\"tr\",\"potentialAction\":[{\"@type\":\"ReadAction\",\"target\":[\"https:\/\/www.nou.yakayazilim.com.tr\/index.php\/urun\/ray-ban-rb4165-justin-865-t5-54-16-145-3p-polarize-gunes-gozlugu\/\"]}]},{\"@type\":\"BreadcrumbList\",\"@id\":\"https:\/\/www.nou.yakayazilim.com.tr\/index.php\/urun\/ray-ban-rb4165-justin-865-t5-54-16-145-3p-polarize-gunes-gozlugu\/#breadcrumb\",\"itemListElement\":[{\"@type\":\"ListItem\",\"position\":1,\"name\":\"Anasayfa\",\"item\":\"https:\/\/www.nou.yakayazilim.com.tr\/\"},{\"@type\":\"ListItem\",\"position\":2,\"name\":\"\u00dcr\u00fcnlerimiz\",\"item\":\"https:\/\/www.nou.yakayazilim.com.tr\/index.php\/urunlerimiz\/\"},{\"@type\":\"ListItem\",\"position\":3,\"name\":\"Ray-Ban RB4165 JUSTIN 865\/T5 54\/16 145 3P Polarize G\u00fcne\u015f G\u00f6zl\u00fc\u011f\u00fc\"}]},{\"@type\":\"WebSite\",\"@id\":\"https:\/\/www.nou.yakayazilim.com.tr\/#website\",\"url\":\"https:\/\/www.nou.yakayazilim.com.tr\/\",\"name\":\"Numune Optik\",\"description\":\"G\u00f6zl\u00fckte G\u00fcvenilir Adres\",\"publisher\":{\"@id\":\"https:\/\/www.nou.yakayazilim.com.tr\/#organization\"},\"potentialAction\":[{\"@type\":\"SearchAction\",\"target\":{\"@type\":\"EntryPoint\",\"urlTemplate\":\"https:\/\/www.nou.yakayazilim.com.tr\/?s={search_term_string}\"},\"query-input\":\"required name=search_term_string\"}],\"inLanguage\":\"tr\"},{\"@type\":\"Organization\",\"@id\":\"https:\/\/www.nou.yakayazilim.com.tr\/#organization\",\"name\":\"Numune Optik\",\"url\":\"https:\/\/www.nou.yakayazilim.com.tr\/\",\"logo\":{\"@type\":\"ImageObject\",\"inLanguage\":\"tr\",\"@id\":\"https:\/\/www.nou.yakayazilim.com.tr\/#\/schema\/logo\/image\/\",\"url\":\"https:\/\/www.nou.yakayazilim.com.tr\/wp-content\/uploads\/2022\/10\/numunelogo.jpeg\",\"contentUrl\":\"https:\/\/www.nou.yakayazilim.com.tr\/wp-content\/uploads\/2022\/10\/numunelogo.jpeg\",\"width\":196,\"height\":195,\"caption\":\"Numune Optik\"},\"image\":{\"@id\":\"https:\/\/www.nou.yakayazilim.com.tr\/#\/schema\/logo\/image\/\"}}]}<\/script>\n<!-- \/ Yoast SEO plugin. -->","yoast_head_json":{"title":"Ray-Ban RB4165 JUSTIN 865\/T5 54\/16 145 3P Polarize G\u00fcne\u015f G\u00f6zl\u00fc\u011f\u00fc - Numune Optik","robots":{"index":"index","follow":"follow","max-snippet":"max-snippet:-1","max-image-preview":"max-image-preview:large","max-video-preview":"max-video-preview:-1"},"canonical":"https:\/\/www.nou.yakayazilim.com.tr\/index.php\/urun\/ray-ban-rb4165-justin-865-t5-54-16-145-3p-polarize-gunes-gozlugu\/","og_locale":"tr_TR","og_type":"article","og_title":"Ray-Ban RB4165 JUSTIN 865\/T5 54\/16 145 3P Polarize G\u00fcne\u015f G\u00f6zl\u00fc\u011f\u00fc - Numune Optik","og_description":"\u00dcr\u00fcnlerimiz 2 Y\u0131l Garantilidir Orjinal K\u0131l\u0131f Silme Bezi Ve Garanti Belgesi \u0130le G\u00f6nderilecektir. Ekartman:54 \u00c7er\u00e7eve Renk:Kahverengi Cam Materyali:Polarize \u00c7er\u00e7eve Formu:Dikd\u00f6rtgen \u00c7er\u00e7eve Materyali:Kemik Cam Renk:Kahverengi","og_url":"https:\/\/www.nou.yakayazilim.com.tr\/index.php\/urun\/ray-ban-rb4165-justin-865-t5-54-16-145-3p-polarize-gunes-gozlugu\/","og_site_name":"Numune Optik","article_modified_time":"2023-03-11T07:56:22+00:00","og_image":[{"width":722,"height":1285,"url":"https:\/\/www.nou.yakayazilim.com.tr\/wp-content\/uploads\/2023\/01\/IMG_7809.jpeg","type":"image\/jpeg"}],"twitter_card":"summary_large_image","twitter_misc":{"Tahmini okuma s\u00fcresi":"1 dakika"},"schema":{"@context":"https:\/\/schema.org","@graph":[{"@type":"WebPage","@id":"https:\/\/www.nou.yakayazilim.com.tr\/index.php\/urun\/ray-ban-rb4165-justin-865-t5-54-16-145-3p-polarize-gunes-gozlugu\/","url":"https:\/\/www.nou.yakayazilim.com.tr\/index.php\/urun\/ray-ban-rb4165-justin-865-t5-54-16-145-3p-polarize-gunes-gozlugu\/","name":"Ray-Ban RB4165 JUSTIN 865\/T5 54\/16 145 3P Polarize G\u00fcne\u015f G\u00f6zl\u00fc\u011f\u00fc - Numune Optik","isPartOf":{"@id":"https:\/\/www.nou.yakayazilim.com.tr\/#website"},"datePublished":"2023-01-31T07:04:21+00:00","dateModified":"2023-03-11T07:56:22+00:00","breadcrumb":{"@id":"https:\/\/www.nou.yakayazilim.com.tr\/index.php\/urun\/ray-ban-rb4165-justin-865-t5-54-16-145-3p-polarize-gunes-gozlugu\/#breadcrumb"},"inLanguage":"tr","potentialAction":[{"@type":"ReadAction","target":["https:\/\/www.nou.yakayazilim.com.tr\/index.php\/urun\/ray-ban-rb4165-justin-865-t5-54-16-145-3p-polarize-gunes-gozlugu\/"]}]},{"@type":"BreadcrumbList","@id":"https:\/\/www.nou.yakayazilim.com.tr\/index.php\/urun\/ray-ban-rb4165-justin-865-t5-54-16-145-3p-polarize-gunes-gozlugu\/#breadcrumb","itemListElement":[{"@type":"ListItem","position":1,"name":"Anasayfa","item":"https:\/\/www.nou.yakayazilim.com.tr\/"},{"@type":"ListItem","position":2,"name":"\u00dcr\u00fcnlerimiz","item":"https:\/\/www.nou.yakayazilim.com.tr\/index.php\/urunlerimiz\/"},{"@type":"ListItem","position":3,"name":"Ray-Ban RB4165 JUSTIN 865\/T5 54\/16 145 3P Polarize G\u00fcne\u015f G\u00f6zl\u00fc\u011f\u00fc"}]},{"@type":"WebSite","@id":"https:\/\/www.nou.yakayazilim.com.tr\/#website","url":"https:\/\/www.nou.yakayazilim.com.tr\/","name":"Numune Optik","description":"G\u00f6zl\u00fckte G\u00fcvenilir Adres","publisher":{"@id":"https:\/\/www.nou.yakayazilim.com.tr\/#organization"},"potentialAction":[{"@type":"SearchAction","target":{"@type":"EntryPoint","urlTemplate":"https:\/\/www.nou.yakayazilim.com.tr\/?s={search_term_string}"},"query-input":"required name=search_term_string"}],"inLanguage":"tr"},{"@type":"Organization","@id":"https:\/\/www.nou.yakayazilim.com.tr\/#organization","name":"Numune Optik","url":"https:\/\/www.nou.yakayazilim.com.tr\/","logo":{"@type":"ImageObject","inLanguage":"tr","@id":"https:\/\/www.nou.yakayazilim.com.tr\/#\/schema\/logo\/image\/","url":"https:\/\/www.nou.yakayazilim.com.tr\/wp-content\/uploads\/2022\/10\/numunelogo.jpeg","contentUrl":"https:\/\/www.nou.yakayazilim.com.tr\/wp-content\/uploads\/2022\/10\/numunelogo.jpeg","width":196,"height":195,"caption":"Numune Optik"},"image":{"@id":"https:\/\/www.nou.yakayazilim.com.tr\/#\/schema\/logo\/image\/"}}]}},"_links":{"self":[{"href":"https:\/\/www.nou.yakayazilim.com.tr\/index.php\/wp-json\/wp\/v2\/product\/1469"}],"collection":[{"href":"https:\/\/www.nou.yakayazilim.com.tr\/index.php\/wp-json\/wp\/v2\/product"}],"about":[{"href":"https:\/\/www.nou.yakayazilim.com.tr\/index.php\/wp-json\/wp\/v2\/types\/product"}],"replies":[{"embeddable":true,"href":"https:\/\/www.nou.yakayazilim.com.tr\/index.php\/wp-json\/wp\/v2\/comments?post=1469"}],"version-history":[{"count":0,"href":"https:\/\/www.nou.yakayazilim.com.tr\/index.php\/wp-json\/wp\/v2\/product\/1469\/revisions"}],"wp:featuredmedia":[{"embeddable":true,"href":"https:\/\/www.nou.yakayazilim.com.tr\/index.php\/wp-json\/wp\/v2\/media\/1470"}],"wp:attachment":[{"href":"https:\/\/www.nou.yakayazilim.com.tr\/index.php\/wp-json\/wp\/v2\/media?parent=1469"}],"wp:term":[{"taxonomy":"product_cat","embeddable":true,"href":"https:\/\/www.nou.yakayazilim.com.tr\/index.php\/wp-json\/wp\/v2\/product_cat?post=1469"},{"taxonomy":"product_tag","embeddable":true,"href":"https:\/\/www.nou.yakayazilim.com.tr\/index.php\/wp-json\/wp\/v2\/product_tag?post=1469"}],"curies":[{"name":"wp","href":"https:\/\/api.w.org\/{rel}","templated":true}]}}