{"id":934,"date":"2022-12-17T15:00:31","date_gmt":"2022-12-17T12:00:31","guid":{"rendered":"https:\/\/www.nou.yakayazilim.com.tr\/?page_id=934"},"modified":"2022-12-18T14:45:56","modified_gmt":"2022-12-18T11:45:56","slug":"markalar","status":"publish","type":"page","link":"https:\/\/www.nou.yakayazilim.com.tr\/index.php\/markalar\/","title":{"rendered":"Markalar"},"content":{"rendered":"\n\n<div class=\"woocommerce columns-4\"><ul class=\"products columns-4\">\n<li class=\"product-category product first\">\n\t<\/li>\n<li class=\"product-category product\">\n\t<\/li>\n<li class=\"product-category product\">\n\t<\/li>\n<li class=\"product-category product last\">\n\t<\/li>\n<li class=\"product-category product first\">\n\t<\/li>\n<li class=\"product-category product\">\n\t<\/li>\n<li class=\"product-category product\">\n\t<\/li>\n<li class=\"product-category product last\">\n\t<\/li>\n<li class=\"product-category product first\">\n\t<\/li>\n<li class=\"product-category product\">\n\t<\/li>\n<\/ul>\n<\/div>","protected":false},"excerpt":{"rendered":"","protected":false},"author":1,"featured_media":0,"parent":0,"menu_order":0,"comment_status":"closed","ping_status":"closed","template":"","meta":[],"yoast_head":"<!-- This site is optimized with the Yoast SEO plugin v20.4 - https:\/\/yoast.com\/wordpress\/plugins\/seo\/ -->\n<title>Markalar - Numune Optik<\/title>\n<meta name=\"robots\" content=\"index, follow, max-snippet:-1, max-image-preview:large, max-video-preview:-1\" \/>\n<link rel=\"canonical\" href=\"https:\/\/www.nou.yakayazilim.com.tr\/index.php\/markalar\/\" \/>\n<meta property=\"og:locale\" content=\"tr_TR\" \/>\n<meta property=\"og:type\" content=\"article\" \/>\n<meta property=\"og:title\" content=\"Markalar - Numune Optik\" \/>\n<meta property=\"og:url\" content=\"https:\/\/www.nou.yakayazilim.com.tr\/index.php\/markalar\/\" \/>\n<meta property=\"og:site_name\" content=\"Numune Optik\" \/>\n<meta property=\"article:modified_time\" content=\"2022-12-18T11:45:56+00:00\" \/>\n<meta name=\"twitter:card\" content=\"summary_large_image\" \/>\n<meta name=\"twitter:label1\" content=\"Tahmini okuma s\u00fcresi\" \/>\n\t<meta name=\"twitter:data1\" content=\"1 dakika\" \/>\n<script type=\"application\/ld+json\" class=\"yoast-schema-graph\">{\"@context\":\"https:\/\/schema.org\",\"@graph\":[{\"@type\":\"WebPage\",\"@id\":\"https:\/\/www.nou.yakayazilim.com.tr\/index.php\/markalar\/\",\"url\":\"https:\/\/www.nou.yakayazilim.com.tr\/index.php\/markalar\/\",\"name\":\"Markalar - Numune Optik\",\"isPartOf\":{\"@id\":\"https:\/\/www.nou.yakayazilim.com.tr\/#website\"},\"datePublished\":\"2022-12-17T12:00:31+00:00\",\"dateModified\":\"2022-12-18T11:45:56+00:00\",\"breadcrumb\":{\"@id\":\"https:\/\/www.nou.yakayazilim.com.tr\/index.php\/markalar\/#breadcrumb\"},\"inLanguage\":\"tr\",\"potentialAction\":[{\"@type\":\"ReadAction\",\"target\":[\"https:\/\/www.nou.yakayazilim.com.tr\/index.php\/markalar\/\"]}]},{\"@type\":\"BreadcrumbList\",\"@id\":\"https:\/\/www.nou.yakayazilim.com.tr\/index.php\/markalar\/#breadcrumb\",\"itemListElement\":[{\"@type\":\"ListItem\",\"position\":1,\"name\":\"Anasayfa\",\"item\":\"https:\/\/www.nou.yakayazilim.com.tr\/\"},{\"@type\":\"ListItem\",\"position\":2,\"name\":\"Markalar\"}]},{\"@type\":\"WebSite\",\"@id\":\"https:\/\/www.nou.yakayazilim.com.tr\/#website\",\"url\":\"https:\/\/www.nou.yakayazilim.com.tr\/\",\"name\":\"Numune Optik\",\"description\":\"G\u00f6zl\u00fckte G\u00fcvenilir Adres\",\"publisher\":{\"@id\":\"https:\/\/www.nou.yakayazilim.com.tr\/#organization\"},\"potentialAction\":[{\"@type\":\"SearchAction\",\"target\":{\"@type\":\"EntryPoint\",\"urlTemplate\":\"https:\/\/www.nou.yakayazilim.com.tr\/?s={search_term_string}\"},\"query-input\":\"required name=search_term_string\"}],\"inLanguage\":\"tr\"},{\"@type\":\"Organization\",\"@id\":\"https:\/\/www.nou.yakayazilim.com.tr\/#organization\",\"name\":\"Numune Optik\",\"url\":\"https:\/\/www.nou.yakayazilim.com.tr\/\",\"logo\":{\"@type\":\"ImageObject\",\"inLanguage\":\"tr\",\"@id\":\"https:\/\/www.nou.yakayazilim.com.tr\/#\/schema\/logo\/image\/\",\"url\":\"https:\/\/www.nou.yakayazilim.com.tr\/wp-content\/uploads\/2022\/10\/numunelogo.jpeg\",\"contentUrl\":\"https:\/\/www.nou.yakayazilim.com.tr\/wp-content\/uploads\/2022\/10\/numunelogo.jpeg\",\"width\":196,\"height\":195,\"caption\":\"Numune Optik\"},\"image\":{\"@id\":\"https:\/\/www.nou.yakayazilim.com.tr\/#\/schema\/logo\/image\/\"}}]}<\/script>\n<!-- \/ Yoast SEO plugin. -->","yoast_head_json":{"title":"Markalar - Numune Optik","robots":{"index":"index","follow":"follow","max-snippet":"max-snippet:-1","max-image-preview":"max-image-preview:large","max-video-preview":"max-video-preview:-1"},"canonical":"https:\/\/www.nou.yakayazilim.com.tr\/index.php\/markalar\/","og_locale":"tr_TR","og_type":"article","og_title":"Markalar - Numune Optik","og_url":"https:\/\/www.nou.yakayazilim.com.tr\/index.php\/markalar\/","og_site_name":"Numune Optik","article_modified_time":"2022-12-18T11:45:56+00:00","twitter_card":"summary_large_image","twitter_misc":{"Tahmini okuma s\u00fcresi":"1 dakika"},"schema":{"@context":"https:\/\/schema.org","@graph":[{"@type":"WebPage","@id":"https:\/\/www.nou.yakayazilim.com.tr\/index.php\/markalar\/","url":"https:\/\/www.nou.yakayazilim.com.tr\/index.php\/markalar\/","name":"Markalar - Numune Optik","isPartOf":{"@id":"https:\/\/www.nou.yakayazilim.com.tr\/#website"},"datePublished":"2022-12-17T12:00:31+00:00","dateModified":"2022-12-18T11:45:56+00:00","breadcrumb":{"@id":"https:\/\/www.nou.yakayazilim.com.tr\/index.php\/markalar\/#breadcrumb"},"inLanguage":"tr","potentialAction":[{"@type":"ReadAction","target":["https:\/\/www.nou.yakayazilim.com.tr\/index.php\/markalar\/"]}]},{"@type":"BreadcrumbList","@id":"https:\/\/www.nou.yakayazilim.com.tr\/index.php\/markalar\/#breadcrumb","itemListElement":[{"@type":"ListItem","position":1,"name":"Anasayfa","item":"https:\/\/www.nou.yakayazilim.com.tr\/"},{"@type":"ListItem","position":2,"name":"Markalar"}]},{"@type":"WebSite","@id":"https:\/\/www.nou.yakayazilim.com.tr\/#website","url":"https:\/\/www.nou.yakayazilim.com.tr\/","name":"Numune Optik","description":"G\u00f6zl\u00fckte G\u00fcvenilir Adres","publisher":{"@id":"https:\/\/www.nou.yakayazilim.com.tr\/#organization"},"potentialAction":[{"@type":"SearchAction","target":{"@type":"EntryPoint","urlTemplate":"https:\/\/www.nou.yakayazilim.com.tr\/?s={search_term_string}"},"query-input":"required name=search_term_string"}],"inLanguage":"tr"},{"@type":"Organization","@id":"https:\/\/www.nou.yakayazilim.com.tr\/#organization","name":"Numune Optik","url":"https:\/\/www.nou.yakayazilim.com.tr\/","logo":{"@type":"ImageObject","inLanguage":"tr","@id":"https:\/\/www.nou.yakayazilim.com.tr\/#\/schema\/logo\/image\/","url":"https:\/\/www.nou.yakayazilim.com.tr\/wp-content\/uploads\/2022\/10\/numunelogo.jpeg","contentUrl":"https:\/\/www.nou.yakayazilim.com.tr\/wp-content\/uploads\/2022\/10\/numunelogo.jpeg","width":196,"height":195,"caption":"Numune Optik"},"image":{"@id":"https:\/\/www.nou.yakayazilim.com.tr\/#\/schema\/logo\/image\/"}}]}},"_links":{"self":[{"href":"https:\/\/www.nou.yakayazilim.com.tr\/index.php\/wp-json\/wp\/v2\/pages\/934"}],"collection":[{"href":"https:\/\/www.nou.yakayazilim.com.tr\/index.php\/wp-json\/wp\/v2\/pages"}],"about":[{"href":"https:\/\/www.nou.yakayazilim.com.tr\/index.php\/wp-json\/wp\/v2\/types\/page"}],"author":[{"embeddable":true,"href":"https:\/\/www.nou.yakayazilim.com.tr\/index.php\/wp-json\/wp\/v2\/users\/1"}],"replies":[{"embeddable":true,"href":"https:\/\/www.nou.yakayazilim.com.tr\/index.php\/wp-json\/wp\/v2\/comments?post=934"}],"version-history":[{"count":0,"href":"https:\/\/www.nou.yakayazilim.com.tr\/index.php\/wp-json\/wp\/v2\/pages\/934\/revisions"}],"wp:attachment":[{"href":"https:\/\/www.nou.yakayazilim.com.tr\/index.php\/wp-json\/wp\/v2\/media?parent=934"}],"curies":[{"name":"wp","href":"https:\/\/api.w.org\/{rel}","templated":true}]}}