{"id":778,"date":"2022-11-13T20:41:51","date_gmt":"2022-11-13T20:41:51","guid":{"rendered":"https:\/\/www.nou.yakayazilim.com.tr\/?page_id=778"},"modified":"2023-02-01T10:27:20","modified_gmt":"2023-02-01T07:27:20","slug":"hakkimizda","status":"publish","type":"page","link":"https:\/\/www.nou.yakayazilim.com.tr\/index.php\/hakkimizda\/","title":{"rendered":"Hakk\u0131m\u0131zda"},"content":{"rendered":"\t\t<div data-elementor-type=\"wp-page\" data-elementor-id=\"778\" class=\"elementor elementor-778\">\n\t\t\t\t\t\t\t\t\t<section class=\"elementor-section elementor-top-section elementor-element elementor-element-4cbff636 elementor-section-content-middle elementor-section-full_width elementor-section-height-default elementor-section-height-default\" data-id=\"4cbff636\" data-element_type=\"section\">\n\t\t\t\t\t\t<div class=\"elementor-container elementor-column-gap-no\">\n\t\t\t\t\t<div class=\"elementor-column elementor-col-50 elementor-top-column elementor-element elementor-element-38c71dec\" data-id=\"38c71dec\" data-element_type=\"column\">\n\t\t\t<div class=\"elementor-widget-wrap elementor-element-populated\">\n\t\t\t\t\t\t\t\t<div class=\"elementor-element elementor-element-253fc964 elementor-widget elementor-widget-heading\" data-id=\"253fc964\" data-element_type=\"widget\" data-widget_type=\"heading.default\">\n\t\t\t\t<div class=\"elementor-widget-container\">\n\t\t\t<style>\/*! elementor - v3.9.1 - 14-12-2022 *\/\n.elementor-heading-title{padding:0;margin:0;line-height:1}.elementor-widget-heading .elementor-heading-title[class*=elementor-size-]>a{color:inherit;font-size:inherit;line-height:inherit}.elementor-widget-heading .elementor-heading-title.elementor-size-small{font-size:15px}.elementor-widget-heading .elementor-heading-title.elementor-size-medium{font-size:19px}.elementor-widget-heading .elementor-heading-title.elementor-size-large{font-size:29px}.elementor-widget-heading .elementor-heading-title.elementor-size-xl{font-size:39px}.elementor-widget-heading .elementor-heading-title.elementor-size-xxl{font-size:59px}<\/style><h1 class=\"elementor-heading-title elementor-size-default\">Biz Kimiz?<\/h1>\t\t<\/div>\n\t\t\t\t<\/div>\n\t\t\t\t<div class=\"elementor-element elementor-element-3232a61b elementor-widget elementor-widget-text-editor\" data-id=\"3232a61b\" data-element_type=\"widget\" data-widget_type=\"text-editor.default\">\n\t\t\t\t<div class=\"elementor-widget-container\">\n\t\t\t<style>\/*! elementor - v3.9.1 - 14-12-2022 *\/\n.elementor-widget-text-editor.elementor-drop-cap-view-stacked .elementor-drop-cap{background-color:#818a91;color:#fff}.elementor-widget-text-editor.elementor-drop-cap-view-framed .elementor-drop-cap{color:#818a91;border:3px solid;background-color:transparent}.elementor-widget-text-editor:not(.elementor-drop-cap-view-default) .elementor-drop-cap{margin-top:8px}.elementor-widget-text-editor:not(.elementor-drop-cap-view-default) .elementor-drop-cap-letter{width:1em;height:1em}.elementor-widget-text-editor .elementor-drop-cap{float:left;text-align:center;line-height:1;font-size:50px}.elementor-widget-text-editor .elementor-drop-cap-letter{display:inline-block}<\/style>\t\t\t\t<p>Uzun y\u0131llar sekt\u00f6rde hizmet veren firmam\u0131z g\u00f6zl\u00fck alan\u0131nda hizmet vermektedir. Sekt\u00f6rde 20 y\u0131l\u0131 a\u015fk\u0131nd\u0131r hizmet veren optik firmam\u0131z duayen \u00e7al\u0131\u015fma kadrosu ile sekt\u00f6re y\u00f6n vermeye devam etmektedir.<\/p>\t\t\t\t\t\t<\/div>\n\t\t\t\t<\/div>\n\t\t\t\t<div class=\"elementor-element elementor-element-cd3f609 elementor-align-left elementor-mobile-align-center elementor-hidden-desktop elementor-hidden-tablet elementor-hidden-mobile elementor-invisible elementor-widget elementor-widget-button\" data-id=\"cd3f609\" data-element_type=\"widget\" data-settings=\"{&quot;_animation&quot;:&quot;fadeInDown&quot;}\" data-widget_type=\"button.default\">\n\t\t\t\t<div class=\"elementor-widget-container\">\n\t\t\t\t\t<div class=\"elementor-button-wrapper\">\n\t\t\t<a href=\"#\" class=\"elementor-button-link elementor-button elementor-size-xs\" role=\"button\">\n\t\t\t\t\t\t<span class=\"elementor-button-content-wrapper\">\n\t\t\t\t\t\t<span class=\"elementor-button-text\"><\/span>\n\t\t<\/span>\n\t\t\t\t\t<\/a>\n\t\t<\/div>\n\t\t\t\t<\/div>\n\t\t\t\t<\/div>\n\t\t\t\t\t<\/div>\n\t\t<\/div>\n\t\t\t\t<div class=\"elementor-column elementor-col-50 elementor-top-column elementor-element elementor-element-27db0b9\" data-id=\"27db0b9\" data-element_type=\"column\">\n\t\t\t<div class=\"elementor-widget-wrap elementor-element-populated\">\n\t\t\t\t\t\t\t\t<div class=\"elementor-element elementor-element-6cad517e elementor-widget elementor-widget-image\" data-id=\"6cad517e\" data-element_type=\"widget\" data-widget_type=\"image.default\">\n\t\t\t\t<div class=\"elementor-widget-container\">\n\t\t\t<style>\/*! elementor - v3.9.1 - 14-12-2022 *\/\n.elementor-widget-image{text-align:center}.elementor-widget-image a{display:inline-block}.elementor-widget-image a img[src$=\".svg\"]{width:48px}.elementor-widget-image img{vertical-align:middle;display:inline-block}<\/style>\t\t\t\t\t\t\t\t\t\t\t\t<img decoding=\"async\" width=\"768\" height=\"1024\" src=\"https:\/\/www.nou.yakayazilim.com.tr\/wp-content\/uploads\/2023\/02\/thumbnail_IMG_2236-768x1024.jpg\" class=\"attachment-large size-large wp-image-1560\" alt=\"\" loading=\"lazy\" srcset=\"https:\/\/www.nou.yakayazilim.com.tr\/wp-content\/uploads\/2023\/02\/thumbnail_IMG_2236-768x1024.jpg 768w, https:\/\/www.nou.yakayazilim.com.tr\/wp-content\/uploads\/2023\/02\/thumbnail_IMG_2236-225x300.jpg 225w, https:\/\/www.nou.yakayazilim.com.tr\/wp-content\/uploads\/2023\/02\/thumbnail_IMG_2236-920x1227.jpg 920w, https:\/\/www.nou.yakayazilim.com.tr\/wp-content\/uploads\/2023\/02\/thumbnail_IMG_2236-575x767.jpg 575w, https:\/\/www.nou.yakayazilim.com.tr\/wp-content\/uploads\/2023\/02\/thumbnail_IMG_2236-380x507.jpg 380w, https:\/\/www.nou.yakayazilim.com.tr\/wp-content\/uploads\/2023\/02\/thumbnail_IMG_2236-800x1067.jpg 800w, https:\/\/www.nou.yakayazilim.com.tr\/wp-content\/uploads\/2023\/02\/thumbnail_IMG_2236.jpg 960w\" sizes=\"(max-width: 768px) 100vw, 768px\" \/>\t\t\t\t\t\t\t\t\t\t\t\t\t\t\t<\/div>\n\t\t\t\t<\/div>\n\t\t\t\t\t<\/div>\n\t\t<\/div>\n\t\t\t\t\t\t\t<\/div>\n\t\t<\/section>\n\t\t\t\t<section class=\"elementor-section elementor-top-section elementor-element elementor-element-635cc026 elementor-section-content-middle elementor-section-height-min-height elementor-section-full_width elementor-section-height-default elementor-section-items-middle\" data-id=\"635cc026\" data-element_type=\"section\" data-settings=\"{&quot;background_background&quot;:&quot;classic&quot;}\">\n\t\t\t\t\t\t<div class=\"elementor-container elementor-column-gap-no\">\n\t\t\t\t\t<div class=\"elementor-column elementor-col-100 elementor-top-column elementor-element elementor-element-42149a7c\" data-id=\"42149a7c\" data-element_type=\"column\">\n\t\t\t<div class=\"elementor-widget-wrap elementor-element-populated\">\n\t\t\t\t\t\t\t\t<div class=\"elementor-element elementor-element-254b3032 elementor-widget__width-inherit elementor-widget elementor-widget-heading\" data-id=\"254b3032\" data-element_type=\"widget\" data-widget_type=\"heading.default\">\n\t\t\t\t<div class=\"elementor-widget-container\">\n\t\t\t<h2 class=\"elementor-heading-title elementor-size-default\">Sanat ve tekni\u011fin bulu\u015fma noktas\u0131...<\/h2>\t\t<\/div>\n\t\t\t\t<\/div>\n\t\t\t\t<div class=\"elementor-element elementor-element-638a6990 elementor-widget elementor-widget-text-editor\" data-id=\"638a6990\" data-element_type=\"widget\" data-widget_type=\"text-editor.default\">\n\t\t\t\t<div class=\"elementor-widget-container\">\n\t\t\t\t\t\t\t<div class=\"vc_custom_heading\">Sanat ve tekni\u011fin bulu\u015fma noktas\u0131&#8230;<\/div><div class=\"vc_empty_space\">\u00a0<\/div><div class=\"theme-iconbox icon-inline-title direct-left \"><div class=\"iconbox-bot\"><span class=\"iconbox-title\">Vizyonumuz<\/span><p class=\"iconbox-content\">D\u00fcnya g\u00f6zl\u00fck modas\u0131na y\u00f6n veren d\u00fcnyan\u0131n \u00f6nde gelen g\u00f6zl\u00fck \u00fcreticilerinden biri olmak.<\/p><\/div><\/div><div class=\"theme-iconbox icon-inline-title direct-left \"><div class=\"iconbox-bot\"><span class=\"iconbox-title\">Misyonumuz<\/span><p class=\"iconbox-content\">\u00dcst segment g\u00f6zl\u00fck \u00fcretimindeki tecrubemiz, imalat kapasitemiz, firmam\u0131za h\u0131z ve esneklik kazand\u0131ran tam donan\u0131ml\u0131 parkurumuz ile g\u00f6zl\u00fck markalar\u0131n\u0131n g\u00fcvenilir \u00e7\u00f6z\u00fcm orta\u011f\u0131y\u0131z.<\/p><\/div><\/div><div class=\"theme-iconbox icon-inline-title direct-left \"><div class=\"iconbox-bot\"><span class=\"iconbox-title\">De\u011ferlerimiz<\/span><p class=\"iconbox-content\">\u2013 H\u0131zl\u0131<br \/>\u2013 Esnek<br \/>\u2013 G\u00fcvenilir<br \/>\u2013 Yenilik\u00e7i<\/p><\/div><\/div>\t\t\t\t\t\t<\/div>\n\t\t\t\t<\/div>\n\t\t\t\t<div class=\"elementor-element elementor-element-5e962dbc elementor-align-left elementor-mobile-align-center elementor-invisible elementor-widget elementor-widget-button\" data-id=\"5e962dbc\" data-element_type=\"widget\" data-settings=\"{&quot;_animation&quot;:&quot;fadeInDown&quot;}\" data-widget_type=\"button.default\">\n\t\t\t\t<div class=\"elementor-widget-container\">\n\t\t\t\t\t<div class=\"elementor-button-wrapper\">\n\t\t\t<a href=\"\/iletisim\" class=\"elementor-button-link elementor-button elementor-size-sm\" role=\"button\">\n\t\t\t\t\t\t<span class=\"elementor-button-content-wrapper\">\n\t\t\t\t\t\t<span class=\"elementor-button-text\">\u0130leti\u015fim<\/span>\n\t\t<\/span>\n\t\t\t\t\t<\/a>\n\t\t<\/div>\n\t\t\t\t<\/div>\n\t\t\t\t<\/div>\n\t\t\t\t\t<\/div>\n\t\t<\/div>\n\t\t\t\t\t\t\t<\/div>\n\t\t<\/section>\n\t\t\t\t\t\t\t<\/div>\n\t\t","protected":false},"excerpt":{"rendered":"<p>Biz Kimiz? Uzun y\u0131llar sekt\u00f6rde hizmet veren firmam\u0131z g\u00f6zl\u00fck alan\u0131nda hizmet vermektedir. Sekt\u00f6rde 20 y\u0131l\u0131 a\u015fk\u0131nd\u0131r hizmet veren optik firmam\u0131z duayen \u00e7al\u0131\u015fma kadrosu ile sekt\u00f6re y\u00f6n vermeye devam etmektedir. Sanat [&hellip;]<\/p>\n","protected":false},"author":1,"featured_media":0,"parent":0,"menu_order":0,"comment_status":"closed","ping_status":"closed","template":"","meta":[],"yoast_head":"<!-- This site is optimized with the Yoast SEO plugin v20.4 - https:\/\/yoast.com\/wordpress\/plugins\/seo\/ -->\n<title>Hakk\u0131m\u0131zda - Numune Optik<\/title>\n<meta name=\"robots\" content=\"index, follow, max-snippet:-1, max-image-preview:large, max-video-preview:-1\" \/>\n<link rel=\"canonical\" href=\"https:\/\/www.nou.yakayazilim.com.tr\/index.php\/hakkimizda\/\" \/>\n<meta property=\"og:locale\" content=\"tr_TR\" \/>\n<meta property=\"og:type\" content=\"article\" \/>\n<meta property=\"og:title\" content=\"Hakk\u0131m\u0131zda - Numune Optik\" \/>\n<meta property=\"og:description\" content=\"Biz Kimiz? Uzun y\u0131llar sekt\u00f6rde hizmet veren firmam\u0131z g\u00f6zl\u00fck alan\u0131nda hizmet vermektedir. Sekt\u00f6rde 20 y\u0131l\u0131 a\u015fk\u0131nd\u0131r hizmet veren optik firmam\u0131z duayen \u00e7al\u0131\u015fma kadrosu ile sekt\u00f6re y\u00f6n vermeye devam etmektedir. Sanat [&hellip;]\" \/>\n<meta property=\"og:url\" content=\"https:\/\/www.nou.yakayazilim.com.tr\/index.php\/hakkimizda\/\" \/>\n<meta property=\"og:site_name\" content=\"Numune Optik\" \/>\n<meta property=\"article:modified_time\" content=\"2023-02-01T07:27:20+00:00\" \/>\n<meta property=\"og:image\" content=\"https:\/\/www.nou.yakayazilim.com.tr\/wp-content\/uploads\/2023\/02\/thumbnail_IMG_2236-768x1024.jpg\" \/>\n<meta name=\"twitter:card\" content=\"summary_large_image\" \/>\n<meta name=\"twitter:label1\" content=\"Tahmini okuma s\u00fcresi\" \/>\n\t<meta name=\"twitter:data1\" content=\"1 dakika\" \/>\n<script type=\"application\/ld+json\" class=\"yoast-schema-graph\">{\"@context\":\"https:\/\/schema.org\",\"@graph\":[{\"@type\":\"WebPage\",\"@id\":\"https:\/\/www.nou.yakayazilim.com.tr\/index.php\/hakkimizda\/\",\"url\":\"https:\/\/www.nou.yakayazilim.com.tr\/index.php\/hakkimizda\/\",\"name\":\"Hakk\u0131m\u0131zda - Numune Optik\",\"isPartOf\":{\"@id\":\"https:\/\/www.nou.yakayazilim.com.tr\/#website\"},\"datePublished\":\"2022-11-13T20:41:51+00:00\",\"dateModified\":\"2023-02-01T07:27:20+00:00\",\"breadcrumb\":{\"@id\":\"https:\/\/www.nou.yakayazilim.com.tr\/index.php\/hakkimizda\/#breadcrumb\"},\"inLanguage\":\"tr\",\"potentialAction\":[{\"@type\":\"ReadAction\",\"target\":[\"https:\/\/www.nou.yakayazilim.com.tr\/index.php\/hakkimizda\/\"]}]},{\"@type\":\"BreadcrumbList\",\"@id\":\"https:\/\/www.nou.yakayazilim.com.tr\/index.php\/hakkimizda\/#breadcrumb\",\"itemListElement\":[{\"@type\":\"ListItem\",\"position\":1,\"name\":\"Anasayfa\",\"item\":\"https:\/\/www.nou.yakayazilim.com.tr\/\"},{\"@type\":\"ListItem\",\"position\":2,\"name\":\"Hakk\u0131m\u0131zda\"}]},{\"@type\":\"WebSite\",\"@id\":\"https:\/\/www.nou.yakayazilim.com.tr\/#website\",\"url\":\"https:\/\/www.nou.yakayazilim.com.tr\/\",\"name\":\"Numune Optik\",\"description\":\"G\u00f6zl\u00fckte G\u00fcvenilir Adres\",\"publisher\":{\"@id\":\"https:\/\/www.nou.yakayazilim.com.tr\/#organization\"},\"potentialAction\":[{\"@type\":\"SearchAction\",\"target\":{\"@type\":\"EntryPoint\",\"urlTemplate\":\"https:\/\/www.nou.yakayazilim.com.tr\/?s={search_term_string}\"},\"query-input\":\"required name=search_term_string\"}],\"inLanguage\":\"tr\"},{\"@type\":\"Organization\",\"@id\":\"https:\/\/www.nou.yakayazilim.com.tr\/#organization\",\"name\":\"Numune Optik\",\"url\":\"https:\/\/www.nou.yakayazilim.com.tr\/\",\"logo\":{\"@type\":\"ImageObject\",\"inLanguage\":\"tr\",\"@id\":\"https:\/\/www.nou.yakayazilim.com.tr\/#\/schema\/logo\/image\/\",\"url\":\"https:\/\/www.nou.yakayazilim.com.tr\/wp-content\/uploads\/2022\/10\/numunelogo.jpeg\",\"contentUrl\":\"https:\/\/www.nou.yakayazilim.com.tr\/wp-content\/uploads\/2022\/10\/numunelogo.jpeg\",\"width\":196,\"height\":195,\"caption\":\"Numune Optik\"},\"image\":{\"@id\":\"https:\/\/www.nou.yakayazilim.com.tr\/#\/schema\/logo\/image\/\"}}]}<\/script>\n<!-- \/ Yoast SEO plugin. -->","yoast_head_json":{"title":"Hakk\u0131m\u0131zda - Numune Optik","robots":{"index":"index","follow":"follow","max-snippet":"max-snippet:-1","max-image-preview":"max-image-preview:large","max-video-preview":"max-video-preview:-1"},"canonical":"https:\/\/www.nou.yakayazilim.com.tr\/index.php\/hakkimizda\/","og_locale":"tr_TR","og_type":"article","og_title":"Hakk\u0131m\u0131zda - Numune Optik","og_description":"Biz Kimiz? Uzun y\u0131llar sekt\u00f6rde hizmet veren firmam\u0131z g\u00f6zl\u00fck alan\u0131nda hizmet vermektedir. Sekt\u00f6rde 20 y\u0131l\u0131 a\u015fk\u0131nd\u0131r hizmet veren optik firmam\u0131z duayen \u00e7al\u0131\u015fma kadrosu ile sekt\u00f6re y\u00f6n vermeye devam etmektedir. Sanat [&hellip;]","og_url":"https:\/\/www.nou.yakayazilim.com.tr\/index.php\/hakkimizda\/","og_site_name":"Numune Optik","article_modified_time":"2023-02-01T07:27:20+00:00","og_image":[{"url":"https:\/\/www.nou.yakayazilim.com.tr\/wp-content\/uploads\/2023\/02\/thumbnail_IMG_2236-768x1024.jpg"}],"twitter_card":"summary_large_image","twitter_misc":{"Tahmini okuma s\u00fcresi":"1 dakika"},"schema":{"@context":"https:\/\/schema.org","@graph":[{"@type":"WebPage","@id":"https:\/\/www.nou.yakayazilim.com.tr\/index.php\/hakkimizda\/","url":"https:\/\/www.nou.yakayazilim.com.tr\/index.php\/hakkimizda\/","name":"Hakk\u0131m\u0131zda - Numune Optik","isPartOf":{"@id":"https:\/\/www.nou.yakayazilim.com.tr\/#website"},"datePublished":"2022-11-13T20:41:51+00:00","dateModified":"2023-02-01T07:27:20+00:00","breadcrumb":{"@id":"https:\/\/www.nou.yakayazilim.com.tr\/index.php\/hakkimizda\/#breadcrumb"},"inLanguage":"tr","potentialAction":[{"@type":"ReadAction","target":["https:\/\/www.nou.yakayazilim.com.tr\/index.php\/hakkimizda\/"]}]},{"@type":"BreadcrumbList","@id":"https:\/\/www.nou.yakayazilim.com.tr\/index.php\/hakkimizda\/#breadcrumb","itemListElement":[{"@type":"ListItem","position":1,"name":"Anasayfa","item":"https:\/\/www.nou.yakayazilim.com.tr\/"},{"@type":"ListItem","position":2,"name":"Hakk\u0131m\u0131zda"}]},{"@type":"WebSite","@id":"https:\/\/www.nou.yakayazilim.com.tr\/#website","url":"https:\/\/www.nou.yakayazilim.com.tr\/","name":"Numune Optik","description":"G\u00f6zl\u00fckte G\u00fcvenilir Adres","publisher":{"@id":"https:\/\/www.nou.yakayazilim.com.tr\/#organization"},"potentialAction":[{"@type":"SearchAction","target":{"@type":"EntryPoint","urlTemplate":"https:\/\/www.nou.yakayazilim.com.tr\/?s={search_term_string}"},"query-input":"required name=search_term_string"}],"inLanguage":"tr"},{"@type":"Organization","@id":"https:\/\/www.nou.yakayazilim.com.tr\/#organization","name":"Numune Optik","url":"https:\/\/www.nou.yakayazilim.com.tr\/","logo":{"@type":"ImageObject","inLanguage":"tr","@id":"https:\/\/www.nou.yakayazilim.com.tr\/#\/schema\/logo\/image\/","url":"https:\/\/www.nou.yakayazilim.com.tr\/wp-content\/uploads\/2022\/10\/numunelogo.jpeg","contentUrl":"https:\/\/www.nou.yakayazilim.com.tr\/wp-content\/uploads\/2022\/10\/numunelogo.jpeg","width":196,"height":195,"caption":"Numune Optik"},"image":{"@id":"https:\/\/www.nou.yakayazilim.com.tr\/#\/schema\/logo\/image\/"}}]}},"_links":{"self":[{"href":"https:\/\/www.nou.yakayazilim.com.tr\/index.php\/wp-json\/wp\/v2\/pages\/778"}],"collection":[{"href":"https:\/\/www.nou.yakayazilim.com.tr\/index.php\/wp-json\/wp\/v2\/pages"}],"about":[{"href":"https:\/\/www.nou.yakayazilim.com.tr\/index.php\/wp-json\/wp\/v2\/types\/page"}],"author":[{"embeddable":true,"href":"https:\/\/www.nou.yakayazilim.com.tr\/index.php\/wp-json\/wp\/v2\/users\/1"}],"replies":[{"embeddable":true,"href":"https:\/\/www.nou.yakayazilim.com.tr\/index.php\/wp-json\/wp\/v2\/comments?post=778"}],"version-history":[{"count":0,"href":"https:\/\/www.nou.yakayazilim.com.tr\/index.php\/wp-json\/wp\/v2\/pages\/778\/revisions"}],"wp:attachment":[{"href":"https:\/\/www.nou.yakayazilim.com.tr\/index.php\/wp-json\/wp\/v2\/media?parent=778"}],"curies":[{"name":"wp","href":"https:\/\/api.w.org\/{rel}","templated":true}]}}