{"id":3,"date":"2022-09-23T06:21:58","date_gmt":"2022-09-23T06:21:58","guid":{"rendered":"https:\/\/www.nou.yakayazilim.com.tr\/?page_id=3"},"modified":"2022-12-07T07:31:00","modified_gmt":"2022-12-07T07:31:00","slug":"guvelik-poltikasi","status":"publish","type":"page","link":"https:\/\/www.nou.yakayazilim.com.tr\/index.php\/guvelik-poltikasi\/","title":{"rendered":"Gizlilik ve G\u00fcvenlik Politikas\u0131"},"content":{"rendered":"\n<h2 class=\"wp-block-heading\">Biz Kimiz<\/h2>\n\n\n\n<p><strong>\u00d6nerilen metin:<\/strong>&nbsp;Web sitemizin adresi: https:\/\/www.nou.yakayazilim.com.tr.<\/p>\n\n\n\n<h2 class=\"wp-block-heading\">Yorumlar<\/h2>\n\n\n\n<p><strong>\u00d6nerilen metin:<\/strong>&nbsp;Ziyaret\u00e7iler sitede yorum b\u0131rakt\u0131\u011f\u0131nda, spam tespitine yard\u0131mc\u0131 olmak i\u00e7in yorum formunda g\u00f6sterilen verileri ve ayr\u0131ca ziyaret\u00e7inin IP adresini ve taray\u0131c\u0131 kullan\u0131c\u0131 arac\u0131s\u0131 dizesini toplar\u0131z.<\/p>\n\n\n\n<p>Gravatar hizmetine, kullan\u0131p kullanmad\u0131\u011f\u0131n\u0131z\u0131 g\u00f6rmek i\u00e7in e-posta adresinizden (karma olarak da adland\u0131r\u0131l\u0131r) olu\u015fturulan anonimle\u015ftirilmi\u015f bir dize sa\u011flanabilir.&nbsp;Gravatar hizmeti gizlilik politikas\u0131 burada mevcuttur: https:\/\/automattic.com\/privacy\/.&nbsp;Yorumunuz onayland\u0131ktan sonra, profil resminiz yorumunuz ba\u011flam\u0131nda herkese g\u00f6r\u00fcn\u00fcr.<\/p>\n\n\n\n<h2 class=\"wp-block-heading\">Medya<\/h2>\n\n\n\n<p><strong>\u00d6nerilen metin:<\/strong>&nbsp;Web sitesine g\u00f6rsel y\u00fcklerseniz, kat\u0131\u015ft\u0131r\u0131lm\u0131\u015f konum verileri (EXIF GPS) i\u00e7eren g\u00f6rselleri y\u00fcklemekten ka\u00e7\u0131nmal\u0131s\u0131n\u0131z.&nbsp;Web sitesini ziyaret edenler, web sitesindeki resimlerden herhangi bir konum verisini indirebilir ve \u00e7\u0131karabilir.<\/p>\n\n\n\n<h2 class=\"wp-block-heading\">\u00c7erezler<\/h2>\n\n\n\n<p><strong>\u00d6nerilen metin:<\/strong>&nbsp;Sitemize bir yorum b\u0131rak\u0131rsan\u0131z, ad\u0131n\u0131z\u0131, e-posta adresinizi ve web sitenizi tan\u0131mlama bilgilerine kaydetmeyi se\u00e7ebilirsiniz.&nbsp;Bunlar size kolayl\u0131k sa\u011flamak i\u00e7indir, b\u00f6ylece ba\u015fka bir yorum b\u0131rakt\u0131\u011f\u0131n\u0131zda bilgilerinizi tekrar doldurmak zorunda kalmazs\u0131n\u0131z.&nbsp;Bu tan\u0131mlama bilgileri bir y\u0131l s\u00fcreyle ge\u00e7erli olacakt\u0131r.<\/p>\n\n\n\n<p>Giri\u015f sayfam\u0131z\u0131 ziyaret ederseniz, taray\u0131c\u0131n\u0131z\u0131n \u00e7erezleri kabul edip etmedi\u011fini belirlemek i\u00e7in ge\u00e7ici bir \u00e7erez ayarlayaca\u011f\u0131z.&nbsp;Bu \u00e7erez hi\u00e7bir ki\u015fisel veri i\u00e7ermez ve taray\u0131c\u0131n\u0131z\u0131 kapatt\u0131\u011f\u0131n\u0131zda at\u0131l\u0131r.<\/p>\n\n\n\n<p>Giri\u015f yapt\u0131\u011f\u0131n\u0131zda, giri\u015f bilgilerinizi ve ekran g\u00f6r\u00fcnt\u00fcleme se\u00e7eneklerinizi kaydetmek i\u00e7in birka\u00e7 \u00e7erez de kuraca\u011f\u0131z.&nbsp;Giri\u015f tan\u0131mlama bilgileri iki g\u00fcn, ekran se\u00e7enekleri tan\u0131mlama bilgileri ise bir y\u0131l s\u00fcreyle saklan\u0131r.&nbsp;&#8220;Beni Hat\u0131rla&#8221; se\u00e7ene\u011fini se\u00e7erseniz, oturum a\u00e7ma bilgileriniz iki hafta boyunca devam eder.&nbsp;Hesab\u0131n\u0131zdan \u00e7\u0131k\u0131\u015f yaparsan\u0131z, giri\u015f \u00e7erezleri kald\u0131r\u0131lacakt\u0131r.<\/p>\n\n\n\n<p>Bir makaleyi d\u00fczenler veya yay\u0131nlarsan\u0131z, taray\u0131c\u0131n\u0131za ek bir \u00e7erez kaydedilir.&nbsp;Bu tan\u0131mlama bilgisi hi\u00e7bir ki\u015fisel veri i\u00e7ermez ve yaln\u0131zca az \u00f6nce d\u00fczenledi\u011finiz makalenin g\u00f6nderi kimli\u011fini g\u00f6sterir.&nbsp;1 g\u00fcn sonra sona eriyor.<\/p>\n\n\n\n<h2 class=\"wp-block-heading\">Di\u011fer web sitelerinden g\u00f6m\u00fcl\u00fc i\u00e7erik<\/h2>\n\n\n\n<p><strong>\u00d6nerilen metin:<\/strong>&nbsp;Bu sitedeki makaleler g\u00f6m\u00fcl\u00fc i\u00e7erik (\u00f6r. videolar, resimler, makaleler vb.) i\u00e7erebilir.&nbsp;Di\u011fer web sitelerinden g\u00f6m\u00fclen i\u00e7erik, ziyaret\u00e7inin di\u011fer web sitesini ziyaret etmi\u015f gibi tamamen ayn\u0131 \u015fekilde davran\u0131r.<\/p>\n\n\n\n<p>Bu web siteleri sizin hakk\u0131n\u0131zda veri toplayabilir, tan\u0131mlama bilgileri kullanabilir, \u00fc\u00e7\u00fcnc\u00fc taraf taraf\u0131ndan g\u00f6m\u00fclm\u00fc\u015f \u015fekilde izleme yapabilir ve bir hesab\u0131n\u0131z varsa ve o web sitesinde oturum a\u00e7t\u0131ysan\u0131z, g\u00f6m\u00fclen i\u00e7erikle etkile\u015fiminizi izlemek dahil olmak \u00fczere, bu g\u00f6m\u00fclen i\u00e7erikle etkile\u015fiminizi izleyebilir.<\/p>\n\n\n\n<h2 class=\"wp-block-heading\">Verilerinizi kimlerle payla\u015f\u0131yoruz<\/h2>\n\n\n\n<p><strong>\u00d6nerilen metin:<\/strong>&nbsp;Parola s\u0131f\u0131rlama talebinde bulunursan\u0131z, IP adresiniz s\u0131f\u0131rlama e-postas\u0131na dahil edilecektir.<\/p>\n\n\n\n<h2 class=\"wp-block-heading\">Verilerinizi ne kadar s\u00fcreyle saklar\u0131z?<\/h2>\n\n\n\n<p><strong>\u00d6nerilen metin:<\/strong>&nbsp;Bir yorum b\u0131rak\u0131rsan\u0131z, yorum ve meta verileri s\u00fcresiz olarak korunur.&nbsp;Bu, herhangi bir takip yorumunu denetleme kuyru\u011funda tutmak yerine otomatik olarak tan\u0131yabilmemiz ve onaylayabilmemiz i\u00e7indir.<\/p>\n\n\n\n<p>Web sitemize (varsa) kaydolan kullan\u0131c\u0131lar i\u00e7in, sa\u011flad\u0131klar\u0131 ki\u015fisel bilgileri de kullan\u0131c\u0131 profillerinde saklar\u0131z.&nbsp;T\u00fcm kullan\u0131c\u0131lar ki\u015fisel bilgilerini istedikleri zaman g\u00f6rebilir, d\u00fczenleyebilir veya silebilir (kullan\u0131c\u0131 adlar\u0131n\u0131 de\u011fi\u015ftirememeleri d\u0131\u015f\u0131nda).&nbsp;Web sitesi y\u00f6neticileri de bu bilgileri g\u00f6rebilir ve d\u00fczenleyebilir.<\/p>\n\n\n\n<h2 class=\"wp-block-heading\">Verileriniz \u00fczerinde hangi haklara sahipsiniz?<\/h2>\n\n\n\n<p><strong>\u00d6nerilen metin:<\/strong>&nbsp;Bu sitede bir hesab\u0131n\u0131z varsa veya yorum yapt\u0131ysan\u0131z, bize sa\u011flad\u0131\u011f\u0131n\u0131z veriler de dahil olmak \u00fczere, hakk\u0131n\u0131zda tuttu\u011fumuz ki\u015fisel verilerin d\u0131\u015fa aktar\u0131lan bir dosyas\u0131n\u0131 talep edebilirsiniz.&nbsp;Ayr\u0131ca, hakk\u0131n\u0131zda tuttu\u011fumuz t\u00fcm ki\u015fisel verileri silmemizi talep edebilirsiniz.&nbsp;Bu, idari, yasal veya g\u00fcvenlik ama\u00e7lar\u0131yla saklamak zorunda oldu\u011fumuz hi\u00e7bir veriyi i\u00e7ermez.<\/p>\n\n\n\n<h2 class=\"wp-block-heading\">Verileriniz nereye g\u00f6nderilir?<\/h2>\n\n\n\n<p><strong>\u00d6nerilen metin:<\/strong>&nbsp;Ziyaret\u00e7i yorumlar\u0131, otomatik spam alg\u0131lama hizmeti arac\u0131l\u0131\u011f\u0131yla kontrol edilebilir.<\/p>\n","protected":false},"excerpt":{"rendered":"<p>Biz Kimiz \u00d6nerilen metin:&nbsp;Web sitemizin adresi: https:\/\/www.nou.yakayazilim.com.tr. Yorumlar \u00d6nerilen metin:&nbsp;Ziyaret\u00e7iler sitede yorum b\u0131rakt\u0131\u011f\u0131nda, spam tespitine yard\u0131mc\u0131 olmak i\u00e7in yorum formunda g\u00f6sterilen verileri ve ayr\u0131ca ziyaret\u00e7inin IP adresini ve taray\u0131c\u0131 kullan\u0131c\u0131 [&hellip;]<\/p>\n","protected":false},"author":1,"featured_media":0,"parent":0,"menu_order":0,"comment_status":"closed","ping_status":"closed","template":"","meta":[],"yoast_head":"<!-- This site is optimized with the Yoast SEO plugin v20.4 - https:\/\/yoast.com\/wordpress\/plugins\/seo\/ -->\n<title>Gizlilik ve G\u00fcvenlik Politikas\u0131 - Numune Optik<\/title>\n<meta name=\"robots\" content=\"index, follow, max-snippet:-1, max-image-preview:large, max-video-preview:-1\" \/>\n<link rel=\"canonical\" href=\"https:\/\/www.nou.yakayazilim.com.tr\/index.php\/guvelik-poltikasi\/\" \/>\n<meta property=\"og:locale\" content=\"tr_TR\" \/>\n<meta property=\"og:type\" content=\"article\" \/>\n<meta property=\"og:title\" content=\"Gizlilik ve G\u00fcvenlik Politikas\u0131 - Numune Optik\" \/>\n<meta property=\"og:description\" content=\"Biz Kimiz \u00d6nerilen metin:&nbsp;Web sitemizin adresi: https:\/\/www.nou.yakayazilim.com.tr. Yorumlar \u00d6nerilen metin:&nbsp;Ziyaret\u00e7iler sitede yorum b\u0131rakt\u0131\u011f\u0131nda, spam tespitine yard\u0131mc\u0131 olmak i\u00e7in yorum formunda g\u00f6sterilen verileri ve ayr\u0131ca ziyaret\u00e7inin IP adresini ve taray\u0131c\u0131 kullan\u0131c\u0131 [&hellip;]\" \/>\n<meta property=\"og:url\" content=\"https:\/\/www.nou.yakayazilim.com.tr\/index.php\/guvelik-poltikasi\/\" \/>\n<meta property=\"og:site_name\" content=\"Numune Optik\" \/>\n<meta property=\"article:modified_time\" content=\"2022-12-07T07:31:00+00:00\" \/>\n<meta name=\"twitter:card\" content=\"summary_large_image\" \/>\n<meta name=\"twitter:label1\" content=\"Tahmini okuma s\u00fcresi\" \/>\n\t<meta name=\"twitter:data1\" content=\"3 dakika\" \/>\n<script type=\"application\/ld+json\" class=\"yoast-schema-graph\">{\"@context\":\"https:\/\/schema.org\",\"@graph\":[{\"@type\":\"WebPage\",\"@id\":\"https:\/\/www.nou.yakayazilim.com.tr\/index.php\/guvelik-poltikasi\/\",\"url\":\"https:\/\/www.nou.yakayazilim.com.tr\/index.php\/guvelik-poltikasi\/\",\"name\":\"Gizlilik ve G\u00fcvenlik Politikas\u0131 - Numune Optik\",\"isPartOf\":{\"@id\":\"https:\/\/www.nou.yakayazilim.com.tr\/#website\"},\"datePublished\":\"2022-09-23T06:21:58+00:00\",\"dateModified\":\"2022-12-07T07:31:00+00:00\",\"breadcrumb\":{\"@id\":\"https:\/\/www.nou.yakayazilim.com.tr\/index.php\/guvelik-poltikasi\/#breadcrumb\"},\"inLanguage\":\"tr\",\"potentialAction\":[{\"@type\":\"ReadAction\",\"target\":[\"https:\/\/www.nou.yakayazilim.com.tr\/index.php\/guvelik-poltikasi\/\"]}]},{\"@type\":\"BreadcrumbList\",\"@id\":\"https:\/\/www.nou.yakayazilim.com.tr\/index.php\/guvelik-poltikasi\/#breadcrumb\",\"itemListElement\":[{\"@type\":\"ListItem\",\"position\":1,\"name\":\"Anasayfa\",\"item\":\"https:\/\/www.nou.yakayazilim.com.tr\/\"},{\"@type\":\"ListItem\",\"position\":2,\"name\":\"Gizlilik ve G\u00fcvenlik Politikas\u0131\"}]},{\"@type\":\"WebSite\",\"@id\":\"https:\/\/www.nou.yakayazilim.com.tr\/#website\",\"url\":\"https:\/\/www.nou.yakayazilim.com.tr\/\",\"name\":\"Numune Optik\",\"description\":\"G\u00f6zl\u00fckte G\u00fcvenilir Adres\",\"publisher\":{\"@id\":\"https:\/\/www.nou.yakayazilim.com.tr\/#organization\"},\"potentialAction\":[{\"@type\":\"SearchAction\",\"target\":{\"@type\":\"EntryPoint\",\"urlTemplate\":\"https:\/\/www.nou.yakayazilim.com.tr\/?s={search_term_string}\"},\"query-input\":\"required name=search_term_string\"}],\"inLanguage\":\"tr\"},{\"@type\":\"Organization\",\"@id\":\"https:\/\/www.nou.yakayazilim.com.tr\/#organization\",\"name\":\"Numune Optik\",\"url\":\"https:\/\/www.nou.yakayazilim.com.tr\/\",\"logo\":{\"@type\":\"ImageObject\",\"inLanguage\":\"tr\",\"@id\":\"https:\/\/www.nou.yakayazilim.com.tr\/#\/schema\/logo\/image\/\",\"url\":\"https:\/\/www.nou.yakayazilim.com.tr\/wp-content\/uploads\/2022\/10\/numunelogo.jpeg\",\"contentUrl\":\"https:\/\/www.nou.yakayazilim.com.tr\/wp-content\/uploads\/2022\/10\/numunelogo.jpeg\",\"width\":196,\"height\":195,\"caption\":\"Numune Optik\"},\"image\":{\"@id\":\"https:\/\/www.nou.yakayazilim.com.tr\/#\/schema\/logo\/image\/\"}}]}<\/script>\n<!-- \/ Yoast SEO plugin. -->","yoast_head_json":{"title":"Gizlilik ve G\u00fcvenlik Politikas\u0131 - Numune Optik","robots":{"index":"index","follow":"follow","max-snippet":"max-snippet:-1","max-image-preview":"max-image-preview:large","max-video-preview":"max-video-preview:-1"},"canonical":"https:\/\/www.nou.yakayazilim.com.tr\/index.php\/guvelik-poltikasi\/","og_locale":"tr_TR","og_type":"article","og_title":"Gizlilik ve G\u00fcvenlik Politikas\u0131 - Numune Optik","og_description":"Biz Kimiz \u00d6nerilen metin:&nbsp;Web sitemizin adresi: https:\/\/www.nou.yakayazilim.com.tr. Yorumlar \u00d6nerilen metin:&nbsp;Ziyaret\u00e7iler sitede yorum b\u0131rakt\u0131\u011f\u0131nda, spam tespitine yard\u0131mc\u0131 olmak i\u00e7in yorum formunda g\u00f6sterilen verileri ve ayr\u0131ca ziyaret\u00e7inin IP adresini ve taray\u0131c\u0131 kullan\u0131c\u0131 [&hellip;]","og_url":"https:\/\/www.nou.yakayazilim.com.tr\/index.php\/guvelik-poltikasi\/","og_site_name":"Numune Optik","article_modified_time":"2022-12-07T07:31:00+00:00","twitter_card":"summary_large_image","twitter_misc":{"Tahmini okuma s\u00fcresi":"3 dakika"},"schema":{"@context":"https:\/\/schema.org","@graph":[{"@type":"WebPage","@id":"https:\/\/www.nou.yakayazilim.com.tr\/index.php\/guvelik-poltikasi\/","url":"https:\/\/www.nou.yakayazilim.com.tr\/index.php\/guvelik-poltikasi\/","name":"Gizlilik ve G\u00fcvenlik Politikas\u0131 - Numune Optik","isPartOf":{"@id":"https:\/\/www.nou.yakayazilim.com.tr\/#website"},"datePublished":"2022-09-23T06:21:58+00:00","dateModified":"2022-12-07T07:31:00+00:00","breadcrumb":{"@id":"https:\/\/www.nou.yakayazilim.com.tr\/index.php\/guvelik-poltikasi\/#breadcrumb"},"inLanguage":"tr","potentialAction":[{"@type":"ReadAction","target":["https:\/\/www.nou.yakayazilim.com.tr\/index.php\/guvelik-poltikasi\/"]}]},{"@type":"BreadcrumbList","@id":"https:\/\/www.nou.yakayazilim.com.tr\/index.php\/guvelik-poltikasi\/#breadcrumb","itemListElement":[{"@type":"ListItem","position":1,"name":"Anasayfa","item":"https:\/\/www.nou.yakayazilim.com.tr\/"},{"@type":"ListItem","position":2,"name":"Gizlilik ve G\u00fcvenlik Politikas\u0131"}]},{"@type":"WebSite","@id":"https:\/\/www.nou.yakayazilim.com.tr\/#website","url":"https:\/\/www.nou.yakayazilim.com.tr\/","name":"Numune Optik","description":"G\u00f6zl\u00fckte G\u00fcvenilir Adres","publisher":{"@id":"https:\/\/www.nou.yakayazilim.com.tr\/#organization"},"potentialAction":[{"@type":"SearchAction","target":{"@type":"EntryPoint","urlTemplate":"https:\/\/www.nou.yakayazilim.com.tr\/?s={search_term_string}"},"query-input":"required name=search_term_string"}],"inLanguage":"tr"},{"@type":"Organization","@id":"https:\/\/www.nou.yakayazilim.com.tr\/#organization","name":"Numune Optik","url":"https:\/\/www.nou.yakayazilim.com.tr\/","logo":{"@type":"ImageObject","inLanguage":"tr","@id":"https:\/\/www.nou.yakayazilim.com.tr\/#\/schema\/logo\/image\/","url":"https:\/\/www.nou.yakayazilim.com.tr\/wp-content\/uploads\/2022\/10\/numunelogo.jpeg","contentUrl":"https:\/\/www.nou.yakayazilim.com.tr\/wp-content\/uploads\/2022\/10\/numunelogo.jpeg","width":196,"height":195,"caption":"Numune Optik"},"image":{"@id":"https:\/\/www.nou.yakayazilim.com.tr\/#\/schema\/logo\/image\/"}}]}},"_links":{"self":[{"href":"https:\/\/www.nou.yakayazilim.com.tr\/index.php\/wp-json\/wp\/v2\/pages\/3"}],"collection":[{"href":"https:\/\/www.nou.yakayazilim.com.tr\/index.php\/wp-json\/wp\/v2\/pages"}],"about":[{"href":"https:\/\/www.nou.yakayazilim.com.tr\/index.php\/wp-json\/wp\/v2\/types\/page"}],"author":[{"embeddable":true,"href":"https:\/\/www.nou.yakayazilim.com.tr\/index.php\/wp-json\/wp\/v2\/users\/1"}],"replies":[{"embeddable":true,"href":"https:\/\/www.nou.yakayazilim.com.tr\/index.php\/wp-json\/wp\/v2\/comments?post=3"}],"version-history":[{"count":0,"href":"https:\/\/www.nou.yakayazilim.com.tr\/index.php\/wp-json\/wp\/v2\/pages\/3\/revisions"}],"wp:attachment":[{"href":"https:\/\/www.nou.yakayazilim.com.tr\/index.php\/wp-json\/wp\/v2\/media?parent=3"}],"curies":[{"name":"wp","href":"https:\/\/api.w.org\/{rel}","templated":true}]}}